
{"id":47,"date":"2013-04-22T16:13:42","date_gmt":"2013-04-22T13:13:42","guid":{"rendered":"http:\/\/akademiye.org\/tr\/?page_id=47"},"modified":"2023-11-23T14:06:28","modified_gmt":"2023-11-23T11:06:28","slug":"iletisim","status":"publish","type":"page","link":"https:\/\/akademiye.org\/tr\/?page_id=47","title":{"rendered":"\u0130leti\u015fim"},"content":{"rendered":"<p><strong><img loading=\"lazy\" decoding=\"async\" class=\"alignright size-full wp-image-614\" src=\"http:\/\/akademiye.org\/tr\/wp-content\/uploads\/2013\/04\/iletisim.jpg\" alt=\"\" width=\"279\" height=\"274\" \/><span style=\"color: #0000ff;\">Uygur Akademisi<\/span><\/strong><\/p>\n<p>Adres: Kartaltepe Mah. Merkez Cad. 3 Y\u0131ld\u0131z Sok. No: 2, Pamuklar \u0130\u015f Merkezi, Kat: 3, K\u00fc\u00e7\u00fck\u00e7ekmece \/ \u0130stanbul<\/p>\n<p dir=\"ltr\">Not: Akademi Ofisimiz <span style=\"color: #0000ff;\">Sefak\u00f6y Metrob\u00fcs ve Otob\u00fcs Dura\u011f\u0131<\/span>na yak\u0131nd\u0131r.<\/p>\n<p>Mobile : +90 &#8211; 530 667 78 51<\/p>\n<p>E-mail: <a href=\"mailto: bilgi@akademiye.org\">bilgi@akademiye.org<\/a><\/p>\n<p>Web-1: <a title=\"\" href=\"http:\/\/akademiye.org\/tr\/\" target=\"_blank\" rel=\"noopener noreferrer\">www.akademiye.com\/tr\/<\/a><\/p>\n<p>Web-2: <a title=\"\" href=\"http:\/\/uyghuracademy.org\/\" target=\"_blank\" rel=\"noopener noreferrer\">uyghuracademy.org<\/a><\/p>\n<hr \/>\n<p dir=\"ltr\"><strong><span style=\"color: #0000ff;\">ABD Uygur Akademisi<\/span><\/strong><\/p>\n<p dir=\"ltr\">Ba\u015fkan: Dr. Erkin Abliz<\/p>\n<p dir=\"ltr\">Mobile: 001-5712747266<\/p>\n<p dir=\"ltr\">E-mail:\u00a0uyghuracademy.america@gmail.com<\/p>\n<p dir=\"ltr\">Web Site: http:\/\/uyghuracademy.org\/usa\/<\/p>\n<hr \/>\n<p dir=\"ltr\"><strong><span style=\"color: #0000ff;\">Avrupa Uygur Akademisi<\/span><\/strong><\/p>\n<p dir=\"ltr\">Ba\u015fkan: Dr. Abduxukur Abdurixit<\/p>\n<p dir=\"ltr\">Mobile: 0041-794497325<\/p>\n<p dir=\"ltr\">E-mail: europe@uyghuracademy.org<\/p>\n<p dir=\"ltr\">Web Site: http:\/\/uyghuracademy.org\/europe\/<\/p>\n<hr \/>\n<p><a title=\"\" href=\"http:\/\/www.facebook.com\/pages\/Uyghur-Academy\/127692677312761\" target=\"_blank\" rel=\"noopener noreferrer\">Uygur Akademisi Facebook<\/a><\/p>\n<p><span style=\"color: #0000ff;\"><a href=\"https:\/\/www.youtube.com\/user\/uyghuracademy\">Uygur Akademisi Youtube<\/a><\/span><\/p>\n<p><span style=\"color: #0000ff;\"><strong>Uygur Akademisi&#8217;nin Google Haritas\u0131ndaki Yeri<\/strong><\/span><\/p>\n<p>Akademi Ofisimiz <span style=\"color: #0000ff;\">Sefak\u00f6y Metrob\u00fcs ve Otob\u00fcs Dura\u011f\u0131<\/span>na yak\u0131nd\u0131r.<iframe loading=\"lazy\" style=\"border: 0;\" src=\"https:\/\/www.google.com\/maps\/embed?pb=!1m14!1m8!1m3!1d12041.864691009827!2d28.932372!3d41.015056!3m2!1i1024!2i768!4f13.1!3m3!1m2!1s0x0%3A0xc445155f93f0d87!2sUygur+Akademisi!5e0!3m2!1str!2str!4v1500574499349\" width=\"610\" height=\"400\" frameborder=\"0\" allowfullscreen=\"allowfullscreen\"><\/iframe><\/p>\n","protected":false},"excerpt":{"rendered":"<p>Uygur Akademisi Adres: Kartaltepe Mah. Merkez Cad. 3 Y\u0131ld\u0131z Sok. No: 2, Pamuklar \u0130\u015f Merkezi, Kat: 3, K\u00fc\u00e7\u00fck\u00e7ekmece \/ \u0130stanbul Not: Akademi Ofisimiz Sefak\u00f6y Metrob\u00fcs ve Otob\u00fcs Dura\u011f\u0131na yak\u0131nd\u0131r. Mobile : +90 &#8211; 530 667 78 51 E-mail: bilgi@akademiye.org Web-1: www.akademiye.com\/tr\/ Web-2: uyghuracademy.org ABD Uygur Akademisi Ba\u015fkan: Dr. Erkin Abliz Mobile: 001-5712747266 E-mail:\u00a0uyghuracademy.america@gmail.com Web Site: [&hellip;]<\/p>\n","protected":false},"author":3,"featured_media":0,"parent":0,"menu_order":5,"comment_status":"open","ping_status":"open","template":"page-full.php","meta":{"footnotes":""},"class_list":["post-47","page","type-page","status-publish","hentry"],"_links":{"self":[{"href":"https:\/\/akademiye.org\/tr\/index.php?rest_route=\/wp\/v2\/pages\/47","targetHints":{"allow":["GET"]}}],"collection":[{"href":"https:\/\/akademiye.org\/tr\/index.php?rest_route=\/wp\/v2\/pages"}],"about":[{"href":"https:\/\/akademiye.org\/tr\/index.php?rest_route=\/wp\/v2\/types\/page"}],"author":[{"embeddable":true,"href":"https:\/\/akademiye.org\/tr\/index.php?rest_route=\/wp\/v2\/users\/3"}],"replies":[{"embeddable":true,"href":"https:\/\/akademiye.org\/tr\/index.php?rest_route=%2Fwp%2Fv2%2Fcomments&post=47"}],"version-history":[{"count":37,"href":"https:\/\/akademiye.org\/tr\/index.php?rest_route=\/wp\/v2\/pages\/47\/revisions"}],"predecessor-version":[{"id":7548,"href":"https:\/\/akademiye.org\/tr\/index.php?rest_route=\/wp\/v2\/pages\/47\/revisions\/7548"}],"wp:attachment":[{"href":"https:\/\/akademiye.org\/tr\/index.php?rest_route=%2Fwp%2Fv2%2Fmedia&parent=47"}],"curies":[{"name":"wp","href":"https:\/\/api.w.org\/{rel}","templated":true}]}}