
{"id":45,"date":"2013-04-22T16:13:09","date_gmt":"2013-04-22T13:13:09","guid":{"rendered":"http:\/\/akademiye.org\/tr\/?page_id=45"},"modified":"2023-03-29T11:03:30","modified_gmt":"2023-03-29T08:03:30","slug":"tevfik-egitim-fondu","status":"publish","type":"page","link":"https:\/\/akademiye.org\/tr\/?page_id=45","title":{"rendered":"Tevfik Bursu"},"content":{"rendered":"<p><strong><img loading=\"lazy\" decoding=\"async\" class=\"aligncenter wp-image-692\" src=\"http:\/\/akademiye.org\/tr\/wp-content\/uploads\/2013\/04\/Tewpiq-Mukapati-1024x304.jpg\" alt=\"\" width=\"600\" height=\"167\" srcset=\"https:\/\/akademiye.org\/tr\/wp-content\/uploads\/2013\/04\/Tewpiq-Mukapati-1024x304.jpg 1051w, https:\/\/akademiye.org\/tr\/wp-content\/uploads\/2013\/04\/Tewpiq-Mukapati-1024x304-400x112.jpg 400w, https:\/\/akademiye.org\/tr\/wp-content\/uploads\/2013\/04\/Tewpiq-Mukapati-1024x304-768x214.jpg 768w, https:\/\/akademiye.org\/tr\/wp-content\/uploads\/2013\/04\/Tewpiq-Mukapati-1024x304-1024x285.jpg 1024w\" sizes=\"auto, (max-width: 600px) 100vw, 600px\" \/><span style=\"color: #0000ff;\">Uygur Akademisi Tevfik E\u011fitim Bursu<\/span><\/strong><\/p>\n<p>Uygur Diasporas\u0131nda ekonomik nedenlerden dolay\u0131 e\u011fitimlerini s\u00fcrd\u00fcrmede zorluk \u00e7eken Uygur T\u00fcrk\u00fc\u00a0\u00f6\u011frencilerinin e\u011fitimlerini ba\u015far\u0131yla devam edebilmeleri i\u00e7in Uygur Akademisi 2012 y\u0131l\u0131ndan itibaren Tevfik E\u011fitim Fondunu ba\u015flatm\u0131\u015ft\u0131r.<\/p>\n<p><span style=\"color: #800080;\">2014 &#8211; 2022 y\u0131llar\u0131nda T\u00fcrkiye&#8217;de \u00fcniversitelerde kendi imkan\u0131yla e\u011fitim alan ba\u015far\u0131l\u0131 17 Lisans, 31 Y\u00fcksek Lisans ve 14 Doktora \u00f6\u011frencisi olmak \u00fczere toplam 215 \u00f6\u011frenci Tevfik E\u011fitim Bursunu kazanm\u0131\u015ft\u0131r.\u00a0<\/span><\/p>\n<p>Kendi imkan\u0131yla Uygur Diasporas\u0131ndaki \u00fcniversitelerde e\u011fitim almakta olan derslerinde ba\u015far\u0131l\u0131, maddi s\u0131k\u0131nt\u0131 ya\u015fayan ve iyi ahlak sahibi Uygur T\u00fcrk\u00fc \u00f6\u011frenciler\u00a0Uygur Akademisi ile irtibata ge\u00e7erek Tevfik E\u011fitim Bursu i\u00e7in ba\u015fvurabilirler.<\/p>\n<hr \/>\n<p><strong><span style=\"color: #ff0000;\">Gerekli Evraklar:\u00a0<\/span><\/strong><\/p>\n<p><span style=\"color: #ff00ff;\"><span style=\"color: #333333;\">1. <\/span><span style=\"color: #ff0000;\"><a style=\"color: #ff0000;\" href=\"https:\/\/akademiye.org\/tr\/wp-content\/uploads\/2019\/08\/Tevfik-Bursu-Ba\u015fvuru-Formu.doc\">Tevfik Bursu Ba\u015fvuru Formu <\/a><\/span><a href=\"https:\/\/akademiye.org\/tr\/wp-content\/uploads\/2019\/08\/Tevfik-Bursu-Ba\u015fvuru-Formu.doc\">(Buray\u0131 t\u0131klayarak indirip doldurunuz)<\/a><\/span><\/p>\n<p>2. \u00d6\u011frenci Belgesi (G\u00fcncel)<\/p>\n<p>3. Transkript (G\u00fcncel)<\/p>\n<p>4. Pasaport Fotokopisi<\/p>\n<p>5. \u0130kamet Fotokopisi<\/p>\n<p>6.\u00a0\u00a0<a href=\"http:\/\/www.akademiye.org\/ug\/wp-content\/uploads\/2016\/09\/%D9%86%D9%89%D9%8A%DB%95%D8%AA-%D9%85%DB%95%D9%83%D8%AA%DB%87%D8%A8%D9%89.docx\"><span style=\"color: #ff0000;\">Niyet Mektubu<\/span> (Buray\u0131 t\u0131klayarak indirip doldurunuz<\/a>)<\/p>\n<p>7. 2 adet Tavsiye Mektubu<\/p>\n<p>8. Alm\u0131\u015f oldu\u011fu \u00f6d\u00fcller ve ba\u015far\u0131 belgeleri (Varsa)<\/p>\n<p>9. Hi\u00e7bir \u00fclkeden devlet bursu almad\u0131\u011f\u0131na dair beyan yaz\u0131s\u0131<\/p>\n<hr \/>\n<p><strong><span style=\"color: #0000ff;\">Tevfik E\u011fitim Bursuna Ba\u011f\u0131\u015f Yapmak i\u00e7in a\u015fa\u011f\u0131daki banka hesaplar\u0131na maddi destekte bulunabilirsiniz.<\/span> \u00a0<\/strong><\/p>\n<p><span style=\"color: #800080;\"><strong>Tevfik E\u011fitim Bursu Banka Hesap Bilgileri:<\/strong><\/span><\/p>\n<p style=\"text-align: justify;\"><span style=\"color: #0000ff;\"><strong>Vak\u0131fBank TL Hesab\u0131<\/strong><\/span><\/p>\n<p style=\"text-align: justify;\">Hesap Sahibi: Uygur Akademisi Vakf\u0131<\/p>\n<p style=\"text-align: justify;\">IBAN NO: TR 160001500158007313320086<\/p>\n<p>*\u00a0 *\u00a0 *\u00a0 *\u00a0 *<\/p>\n<p><span style=\"color: #0000ff;\"><strong>Uygur Akademisi \u0130rtibat Bilgileri\u00a0<\/strong><\/span><\/p>\n<p>E-mail: uyghurakademy@gmail.com<\/p>\n<p>Cep Telefonu:+90 \u2013 530 667 78 51<\/p>\n<p>Posta Adresi:\u00a0\u015eehremini\u00a0Mah. B\u00f6rek\u00e7i Veli Sok. No: 38\/4 \u00a0Fatih, \u0130stanbul \/T\u00fcrkiye<\/p>\n","protected":false},"excerpt":{"rendered":"<p>Uygur Akademisi Tevfik E\u011fitim Bursu Uygur Diasporas\u0131nda ekonomik nedenlerden dolay\u0131 e\u011fitimlerini s\u00fcrd\u00fcrmede zorluk \u00e7eken Uygur T\u00fcrk\u00fc\u00a0\u00f6\u011frencilerinin e\u011fitimlerini ba\u015far\u0131yla devam edebilmeleri i\u00e7in Uygur Akademisi 2012 y\u0131l\u0131ndan itibaren Tevfik E\u011fitim Fondunu ba\u015flatm\u0131\u015ft\u0131r. 2014 &#8211; 2022 y\u0131llar\u0131nda T\u00fcrkiye&#8217;de \u00fcniversitelerde kendi imkan\u0131yla e\u011fitim alan ba\u015far\u0131l\u0131 17 Lisans, 31 Y\u00fcksek Lisans ve 14 Doktora \u00f6\u011frencisi olmak \u00fczere toplam 215 \u00f6\u011frenci [&hellip;]<\/p>\n","protected":false},"author":3,"featured_media":0,"parent":0,"menu_order":4,"comment_status":"open","ping_status":"closed","template":"page-full.php","meta":{"footnotes":""},"class_list":["post-45","page","type-page","status-publish","hentry"],"_links":{"self":[{"href":"https:\/\/akademiye.org\/tr\/index.php?rest_route=\/wp\/v2\/pages\/45","targetHints":{"allow":["GET"]}}],"collection":[{"href":"https:\/\/akademiye.org\/tr\/index.php?rest_route=\/wp\/v2\/pages"}],"about":[{"href":"https:\/\/akademiye.org\/tr\/index.php?rest_route=\/wp\/v2\/types\/page"}],"author":[{"embeddable":true,"href":"https:\/\/akademiye.org\/tr\/index.php?rest_route=\/wp\/v2\/users\/3"}],"replies":[{"embeddable":true,"href":"https:\/\/akademiye.org\/tr\/index.php?rest_route=%2Fwp%2Fv2%2Fcomments&post=45"}],"version-history":[{"count":21,"href":"https:\/\/akademiye.org\/tr\/index.php?rest_route=\/wp\/v2\/pages\/45\/revisions"}],"predecessor-version":[{"id":7381,"href":"https:\/\/akademiye.org\/tr\/index.php?rest_route=\/wp\/v2\/pages\/45\/revisions\/7381"}],"wp:attachment":[{"href":"https:\/\/akademiye.org\/tr\/index.php?rest_route=%2Fwp%2Fv2%2Fmedia&parent=45"}],"curies":[{"name":"wp","href":"https:\/\/api.w.org\/{rel}","templated":true}]}}