
{"id":43,"date":"2013-04-22T16:12:19","date_gmt":"2013-04-22T13:12:19","guid":{"rendered":"http:\/\/akademiye.org\/tr\/?page_id=43"},"modified":"2024-03-17T16:34:44","modified_gmt":"2024-03-17T13:34:44","slug":"bagis","status":"publish","type":"page","link":"https:\/\/akademiye.org\/tr\/?page_id=43","title":{"rendered":"Ba\u011f\u0131\u015f"},"content":{"rendered":"<p style=\"text-align: justify;\"><img loading=\"lazy\" decoding=\"async\" class=\"aligncenter wp-image-685 size-full\" src=\"https:\/\/akademiye.org\/tr\/wp-content\/uploads\/2013\/04\/Yardem-1024x631.jpg\" alt=\"\" width=\"1024\" height=\"631\" srcset=\"https:\/\/akademiye.org\/tr\/wp-content\/uploads\/2013\/04\/Yardem-1024x631.jpg 1024w, https:\/\/akademiye.org\/tr\/wp-content\/uploads\/2013\/04\/Yardem-1024x631-400x246.jpg 400w, https:\/\/akademiye.org\/tr\/wp-content\/uploads\/2013\/04\/Yardem-1024x631-768x473.jpg 768w\" sizes=\"auto, (max-width: 1024px) 100vw, 1024px\" \/>Uygur Akademisi, d\u00fcnyan\u0131n \u00e7e\u015fitli \u00fclkelerindeki Uygur bilim adamlar\u0131 ve ara\u015ft\u0131rmac\u0131lardan olu\u015fan bir sivil toplum kurulu\u015fu olarak, Uygur milli e\u011fitimin gelece\u011fi i\u00e7in \u00e7al\u0131\u015fmalar yapmaktad\u0131r. Yurt d\u0131\u015f\u0131 ve yurt i\u00e7indeki\u00a0ilim sever karde\u015flerimizin Uygur Akademisini maddi ve manevi y\u00f6nden destekleyerek, g\u00fc\u00e7l\u00fc bir ara\u015ft\u0131rma merkezine d\u00f6n\u00fc\u015febilmesi i\u00e7in yard\u0131mlar\u0131n\u0131z\u0131 bekler.<\/p>\n<p><img loading=\"lazy\" decoding=\"async\" class=\"alignright size-medium wp-image-7758\" src=\"https:\/\/akademiye.org\/tr\/wp-content\/uploads\/2024\/03\/Y-377x300.jpg\" alt=\"\" width=\"377\" height=\"300\" srcset=\"https:\/\/akademiye.org\/tr\/wp-content\/uploads\/2024\/03\/Y-377x300.jpg 377w, https:\/\/akademiye.org\/tr\/wp-content\/uploads\/2024\/03\/Y-1024x815.jpg 1024w, https:\/\/akademiye.org\/tr\/wp-content\/uploads\/2024\/03\/Y-768x612.jpg 768w, https:\/\/akademiye.org\/tr\/wp-content\/uploads\/2024\/03\/Y.jpg 1321w\" sizes=\"auto, (max-width: 377px) 100vw, 377px\" \/><\/p>\n<p style=\"text-align: justify;\"><span style=\"color: #800080;\"><strong><span style=\"color: #ff0000;\">Uygur Akademisi-T\u00fcrkiye Banka Hesap Bilgileri:<\/span><\/strong><\/span><\/p>\n<p><strong style=\"color: #0000ff; text-align: justify;\">Vak\u0131fBank TL Hesab\u0131<\/strong><\/p>\n<p style=\"text-align: justify;\">Hesap Sahibi: Uygur Akademisi Vakf\u0131<\/p>\n<p style=\"text-align: justify;\">IBAN NO: TR 160001500158007313320086<\/p>\n<p>\u00a0SWIFT Kodu: TVBATR2AXXX<\/p>\n<p><span style=\"color: #0000ff;\">*\u00a0 *\u00a0 *\u00a0 *\u00a0 *<\/span><\/p>\n<p><span style=\"color: #800080;\"><strong><span style=\"color: #ff0000;\">Uygur Akademisi-ABD Banka Hesap Bilgileri:<\/span><\/strong><\/span><\/p>\n<p><span style=\"color: #ff0000;\">Paypal <\/span>veya<span style=\"color: #ff0000;\"> Zelle <span style=\"color: #000000;\">hesab\u0131 arac\u0131l\u0131\u011f\u0131yla ba\u011f\u0131\u015f yapmak i\u00e7in kurumsal e-mail<\/span>: donate@uyghuracademicfoundation.org<\/span><\/p>\n<table>\n<tbody>\n<tr>\n<td style=\"text-align: left;\" width=\"496\"><strong><span style=\"color: #0000ff;\">ABD i\u00e7inden Ba\u011f\u0131\u015f yapmak i\u00e7in<\/span><\/strong><\/p>\n<p dir=\"ltr\">Uyghur Academic Foundation<\/p>\n<p dir=\"ltr\">Bank of America<\/p>\n<p dir=\"ltr\">Account Number: 383 017 517 915<\/p>\n<p dir=\"ltr\">Routing Number: 0312 020 84<\/p>\n<\/td>\n<td style=\"text-align: left;\" width=\"496\"><strong><span style=\"color: #0000ff;\">ABD d\u0131\u015f\u0131ndan Ba\u011f\u0131\u015f yapmak i\u00e7in<\/span><\/strong><\/p>\n<p dir=\"ltr\"><strong>Uyghur Academic Foundation<\/strong><\/p>\n<p dir=\"ltr\"><strong>Bank of America<\/strong><\/p>\n<p dir=\"ltr\"><strong>Account Number: 383 017 517 915<\/strong><\/p>\n<p dir=\"ltr\"><strong>Swift Code: BOFAUS3N<\/strong><\/p>\n<\/td>\n<\/tr>\n<\/tbody>\n<\/table>\n<p>&nbsp;<\/p>\n","protected":false},"excerpt":{"rendered":"<p>Uygur Akademisi, d\u00fcnyan\u0131n \u00e7e\u015fitli \u00fclkelerindeki Uygur bilim adamlar\u0131 ve ara\u015ft\u0131rmac\u0131lardan olu\u015fan bir sivil toplum kurulu\u015fu olarak, Uygur milli e\u011fitimin gelece\u011fi i\u00e7in \u00e7al\u0131\u015fmalar yapmaktad\u0131r. Yurt d\u0131\u015f\u0131 ve yurt i\u00e7indeki\u00a0ilim sever karde\u015flerimizin Uygur Akademisini maddi ve manevi y\u00f6nden destekleyerek, g\u00fc\u00e7l\u00fc bir ara\u015ft\u0131rma merkezine d\u00f6n\u00fc\u015febilmesi i\u00e7in yard\u0131mlar\u0131n\u0131z\u0131 bekler. Uygur Akademisi-T\u00fcrkiye Banka Hesap Bilgileri: Vak\u0131fBank TL Hesab\u0131 Hesap Sahibi: [&hellip;]<\/p>\n","protected":false},"author":3,"featured_media":0,"parent":0,"menu_order":3,"comment_status":"open","ping_status":"open","template":"page-full.php","meta":{"footnotes":""},"class_list":["post-43","page","type-page","status-publish","hentry"],"_links":{"self":[{"href":"https:\/\/akademiye.org\/tr\/index.php?rest_route=\/wp\/v2\/pages\/43","targetHints":{"allow":["GET"]}}],"collection":[{"href":"https:\/\/akademiye.org\/tr\/index.php?rest_route=\/wp\/v2\/pages"}],"about":[{"href":"https:\/\/akademiye.org\/tr\/index.php?rest_route=\/wp\/v2\/types\/page"}],"author":[{"embeddable":true,"href":"https:\/\/akademiye.org\/tr\/index.php?rest_route=\/wp\/v2\/users\/3"}],"replies":[{"embeddable":true,"href":"https:\/\/akademiye.org\/tr\/index.php?rest_route=%2Fwp%2Fv2%2Fcomments&post=43"}],"version-history":[{"count":18,"href":"https:\/\/akademiye.org\/tr\/index.php?rest_route=\/wp\/v2\/pages\/43\/revisions"}],"predecessor-version":[{"id":7762,"href":"https:\/\/akademiye.org\/tr\/index.php?rest_route=\/wp\/v2\/pages\/43\/revisions\/7762"}],"wp:attachment":[{"href":"https:\/\/akademiye.org\/tr\/index.php?rest_route=%2Fwp%2Fv2%2Fmedia&parent=43"}],"curies":[{"name":"wp","href":"https:\/\/api.w.org\/{rel}","templated":true}]}}