
{"id":41,"date":"2013-04-22T16:11:42","date_gmt":"2013-04-22T13:11:42","guid":{"rendered":"http:\/\/akademiye.org\/tr\/?page_id=41"},"modified":"2019-12-04T12:42:48","modified_gmt":"2019-12-04T09:42:48","slug":"uyelik","status":"publish","type":"page","link":"https:\/\/akademiye.org\/tr\/?page_id=41","title":{"rendered":"Akademi \u00dcyeli\u011fi"},"content":{"rendered":"<p><img loading=\"lazy\" decoding=\"async\" class=\"aligncenter wp-image-696\" src=\"http:\/\/akademiye.org\/tr\/wp-content\/uploads\/2013\/04\/Ezaliq.jpg\" alt=\"\" width=\"600\" height=\"248\" srcset=\"https:\/\/akademiye.org\/tr\/wp-content\/uploads\/2013\/04\/Ezaliq.jpg 678w, https:\/\/akademiye.org\/tr\/wp-content\/uploads\/2013\/04\/Ezaliq-400x165.jpg 400w\" sizes=\"auto, (max-width: 600px) 100vw, 600px\" \/>Uygur Akademisi &#8211; d\u00fcnya \u00e7ap\u0131nda e\u011fitimli Uygur T\u00fcrkleri aras\u0131nda i\u015f birli\u011fini artt\u0131rmak, e\u011fitim ile Uygur milli ruhunu g\u00fc\u00e7lendirmek, Uygur milli kimli\u011fini korumak ve Uygurlar i\u00e7in \u00f6nemli olan alanlarda bireylerin yeti\u015fmelerine katk\u0131 sa\u011flamay\u0131 ama\u00e7layarak \u00e7al\u0131\u015fmalar\u0131n\u0131 s\u00fcrd\u00fcrmektedir.<\/p>\n<p>Akademi olarak,\u00a0Uygur ara\u015ft\u0131rma merkezi kurmak, onu geli\u015ftirerek Uygur Ara\u015ft\u0131rmalar\u0131 Enstit\u00fcs\u00fcne d\u00f6n\u00fc\u015ft\u00fcrmek, ve Uygurlar\u0131n ihtiya\u00e7 duydu\u011fu alanlara y\u00f6nelik bireyleri e\u011fitebilecek kapasitedeki e\u011fitim kurumu sahip olmay\u0131 hedefleyen yasal bir Uygur Ara\u015ft\u0131rmalar\u0131 Derne\u011fidir.<\/p>\n<p>Uygur Akademisi \u2013 kendi misyon ve vizyonlar\u0131n\u0131 ger\u00e7ekle\u015ftirmek i\u00e7in yurti\u00e7i ve yurtd\u0131\u015f\u0131ndaki Uygur bilim adamlar\u0131n\u0131n aras\u0131ndaki i\u015f birli\u011fini artt\u0131rarak faaliyetlerini y\u00fcr\u00fctmektedir. Ayr\u0131ca, Uygur Akademisi diasporadaki lisans\u00fcst\u00fc e\u011fitimi alan yeti\u015fmi\u015f Uygur T\u00fcrklerini akademi \u00fcyeli\u011fine davet etmektedir. \u00dcye olan Uygur T\u00fcrklerinin \u00fcyelik stat\u00fcs\u00fc hi\u00e7 bir \u015fekilde a\u00e7\u0131klanmayacakt\u0131r, adlar\u0131 izin olmadan hi\u00e7bir yerde a\u00e7\u0131klanmayacakt\u0131r. (E\u011fer yap\u0131lacak hizmet nedeniyle ilan edilmesi gerekirse \u00f6nce o ki\u015fiden izin al\u0131nacakt\u0131r).<\/p>\n<p>Uygur Akademisine \u00fcye olan Uygur T\u00fcrkleri ve di\u011fer T\u00fcrk kerde\u015flerimiz sadece Uygurlar\u0131n milli menfaatini korumay\u0131 ama\u00e7layarak, Uygur milli uyan\u0131\u015f\u0131 ger\u00e7ekle\u015ftirmek, milli ruhunu g\u00fc\u00e7lendirmek, milli kimli\u011fi koruyarak Uygurlar\u0131n tekrar g\u00fc\u00e7l\u00fc olabilmesi i\u00e7in \u00e7al\u0131\u015facakt\u0131r.<br \/>\nUygur Akademisi\u2019nin \u00fcyeli\u011fi \u00fc\u00e7 t\u00fcrl\u00fcd\u00fcr:<\/p>\n<p><span style=\"color: #0000ff;\"><strong>1. Uygur Akademisyenler Dan\u0131\u015fma Kurulu \u00dcyeli\u011fi:\u00a0<\/strong><\/span><\/p>\n<p>Diasporadaki doktoras\u0131n\u0131 bitirmi\u015f, ve Akademi \u00fcyeli\u011fi i\u00e7in ba\u015fvurmu\u015f ayd\u0131nlar \u2018\u2018 Uygur Akademisyenler Dan\u0131\u015fma Kurulu \u00dcyeli\u011fi\u2019\u2019 i\u00e7inde yer alacaklard\u0131r. Kurul \u00fcyeleri Uygur ayd\u0131nlar\u0131 ve \u00f6\u011frencilerle olan ileti\u015fim ve i\u015fbirli\u011fini g\u00fc\u00e7lendirmek i\u00e7in bir araya gelerek \u00e7al\u0131\u015fmalar yapacaklard\u0131r.<\/p>\n<p>Muhaceretteki Uygur ayd\u0131nlar\u0131 i\u00e7erisinden en az doktora mezunu olan 27 Uygur T\u00fcrk\u00fc akademisyen ve ara\u015ft\u0131rmac\u0131lar\u0131n kat\u0131l\u0131m\u0131yla Uygur Akademisine ba\u011fl\u0131 Uygur Akademisyenler Dan\u0131\u015fma Kurulu 11 Kas\u0131m 2017 itibar\u0131yla resmen kurulmu\u015ftur.<br \/>\n<span style=\"color: #0000ff;\">Uygur Akademisyenler Dan\u0131\u015fma Kurulun G\u00f6revleri<\/span><br \/>\n1. Uygur Akademisinin \u00f6nemli karar ve etkinliklerine dan\u0131\u015fmanl\u0131k yapar.<br \/>\n2. Uygur Akademisyenler Dan\u0131\u015fma Kurulu \u00fcyeleri ya\u015fad\u0131\u011f\u0131 \u00fclkelerdeki Uygur ayd\u0131nlar\u0131 ile ileti\u015fime ge\u00e7er ve i\u015fbirli\u011fini artt\u0131r\u0131r. Akademi ad\u0131na etkinlikler d\u00fczenlemeye yetkilidir.<br \/>\n3. Uygur Akademisyenler Dan\u0131\u015fma Kurulu \u00fcyeleri ya\u015fad\u0131\u011f\u0131 \u00fclkelerdeki Uygur \u00f6\u011frenciler ile ileti\u015fime ge\u00e7er ve onlar\u0131 yeti\u015ftirme \u00e7al\u0131\u015fmalar\u0131nda akademi ad\u0131na yetkilidir.<br \/>\n4. Uygur Akademisyenler Dan\u0131\u015fma Kurulu \u00fcyeleri her \u00fc\u00e7 y\u0131lda ailece bir haftal\u0131k kampa kat\u0131l\u0131r, akademi genel kurul toplant\u0131s\u0131n\u0131 g\u00f6zetler, ge\u00e7mi\u015f ve gelecek 3 senelik hizmet ve faaliyet planlar\u0131n\u0131 g\u00f6zden ge\u00e7irir.<br \/>\n5. Uygur Akademisyenler Dan\u0131\u015fma Kurulu \u00fcyeleri ya\u015fad\u0131\u011f\u0131 \u00fclkelerdeki maddi durumuna g\u00f6re c\u00fczi miktarda her 4 ayda bir sefer \u00fcyelik aidat\u0131 \u00f6der.<br \/>\n<span style=\"color: #0000ff;\">Uygur Akademisyenler Dan\u0131\u015fma Kurulu Ba\u015fkan\u0131:<\/span> Dr. Re\u015fat Abbas BORHAN<br \/>\n<span style=\"color: #0000ff;\">Uygur Akademisyenler Dan\u0131\u015fma Kurulu Ba\u015f Dan\u0131\u015fmanlar\u0131:<\/span> Dr. Erdin SIDDIK, Dr. \u015e\u00f6hret MUTELL\u0130P, Prof. Dr. Alimcan \u0130NAYET<br \/>\n<span style=\"color: #0000ff;\">Koordinat\u00f6r:<\/span> Abdulhamit KARAHAN<\/p>\n<p>E\u011fer kendinizin bu t\u00fcr \u00fcyelik \u015fartlar\u0131na uygun oldu\u011funuzu d\u00fc\u015f\u00fcn\u00fcrseniz, k\u0131saca bir \u00f6zge\u00e7mi\u015f (CV) ile birlikte a\u015fa\u011f\u0131da yer alan Uygur Akademisi Akademisyenler Dan\u0131\u015fma Kurulu \u00dcyeli\u011fi Formu\u2019nu doldurduktan sonra Akademiye e-posta adresine g\u00f6nderebilirsiniz.<br \/>\nUygur Akademisi E-posta adresi: uyghurakademy@gmail.com<br \/>\n<span style=\"color: #ff0000;\">(<a style=\"color: #ff0000;\" href=\"https:\/\/www.akademiye.org\/ug\/wp-content\/uploads\/2019\/08\/AKEJ.doc\">Uygur Akademisi Dan\u0131\u015fma Kurulu \u00dcyeli\u011fi Formu Word<\/a>)<\/span><\/p>\n<p><strong><span style=\"color: #0000ff;\">2. Akademiye \u00dcyeli\u011fi<\/span><\/strong><br \/>\nDiasporada lisans\u00fcst\u00fc programlar\u0131n\u0131 bitirmi\u015f olan, Akademiye \u00fcyeli\u011fi i\u00e7in ba\u015fvuran Uygur T\u00fcrkleri ve di\u011fer T\u00fcrk karde\u015flerimiz Akademi\u2019nin vizyon ve misyonlar\u0131n\u0131 ger\u00e7ekle\u015ftirmek i\u00e7in yapmas\u0131 gerekekn \u00e7al\u0131\u015fmalar\u0131 yapacaklard\u0131r.<br \/>\nE\u011fer siz de bu \u00fcyeli\u011fe uygun oldu\u011funuzu d\u00fc\u015f\u00fcn\u00fcrseniz, a\u015fa\u011f\u0131daki Akademi \u00dcyelik Formu\u2019nu doldurduktan sonra Akademi e-posta adresine g\u00f6nderebilirsiniz:<br \/>\n<span style=\"color: #ff0000;\">(<a style=\"color: #ff0000;\" href=\"https:\/\/www.akademiye.org\/ug\/wp-content\/uploads\/2019\/08\/UAEJ.doc\">Akademi \u00dcyelik Formunu Word<\/a>)<\/span><br \/>\nAkad\u00e9mi E-posta adresi: uyghurakademy@gmail.com<\/p>\n<p><strong><span style=\"color: #0000ff;\">3. Akademi Aday \u00dcyeli\u011fi:<\/span><\/strong><br \/>\nAkademi \u00fcyeli\u011fi i\u00e7in ba\u015fvuru yapan diasporada \u00fcniversitelerde e\u011fitim alan Uygur \u00f6\u011frenciler Akademi\u2019nin yapageldi\u011fi faaliyetlerine aktif kat\u0131lmakla birlikte, i\u015f yapman\u0131n yollar\u0131n\u0131 \u00f6\u011frenecektir.<br \/>\nE\u011fer siz de bu aday \u00fcyeli\u011fine uygun oldu\u011funuzu d\u00fc\u015f\u00fcn\u00fcrseniz a\u015fa\u011f\u0131daki Akademi aday \u00fcyelik formunu doldurduktan sonra Akademi E-posta adresine g\u00f6nderebilirsiniz:<br \/>\n<span style=\"color: #ff0000;\">(<a style=\"color: #ff0000;\" href=\"https:\/\/www.akademiye.org\/ug\/wp-content\/uploads\/2019\/08\/UAKEJ.doc\">Akademi Aday \u00dcyeli\u011fi Ba\u015fvuru Formu Word<\/a>)<\/span><br \/>\nAkademi e-posta adresi: uyghurakademy@gmail.com<\/p>\n<p>Uygur Akademisi olarak, e\u011fitimli Uygur T\u00fcrklerinin kendileri ve \u00e7evrelerindeki Akademi \u00fcyeli\u011fi i\u00e7in uygun g\u00f6ren kimseleri akademiye \u00fcye olmaya davet etmeleri, Akademi\u2019nin vizyon ve misyonlar\u0131n\u0131 ger\u00e7ekle\u015ftirmesine, Uygurlar\u0131n yeniden aya\u011fa kalkmalar\u0131na katk\u0131da bulunmalar\u0131 rica olunur.<\/p>\n<p><strong><span style=\"color: #0000ff;\">Uygur Akademisi Yurtd\u0131\u015f\u0131 Temsilcileri<\/span><\/strong><br \/>\nFarkl\u0131 \u00fclke ve b\u00f6lgelerde Akademi\u2019ye \u00fcye olan, yeterince \u00e7aba g\u00f6steren Uygur T\u00fcrklerinden olu\u015fmu\u015f bir Akademi Temsilciler grubu mevuttur, bunlar kendileri bulunduklar\u0131 \u00fclke ve b\u00f6lgelerde Akademi\u2019nin tam yetkili temsilcileridir. Onlar kendileri bulunduklar\u0131 \u00fclkelerdeki Akademi\u2019nin yasal i\u015flemleri, \u00fcyelik aidat\u0131, Uygur bilim adamlar\u0131, ara\u015ft\u0131rmac\u0131lar ve \u00f6\u011frencilere y\u00f6nelik d\u00fczenlenen bilimsel faaliyetleri organize etmek gibi g\u00f6revleri \u00fcstlenecektir.<\/p>\n","protected":false},"excerpt":{"rendered":"<p>Uygur Akademisi &#8211; d\u00fcnya \u00e7ap\u0131nda e\u011fitimli Uygur T\u00fcrkleri aras\u0131nda i\u015f birli\u011fini artt\u0131rmak, e\u011fitim ile Uygur milli ruhunu g\u00fc\u00e7lendirmek, Uygur milli kimli\u011fini korumak ve Uygurlar i\u00e7in \u00f6nemli olan alanlarda bireylerin yeti\u015fmelerine katk\u0131 sa\u011flamay\u0131 ama\u00e7layarak \u00e7al\u0131\u015fmalar\u0131n\u0131 s\u00fcrd\u00fcrmektedir. Akademi olarak,\u00a0Uygur ara\u015ft\u0131rma merkezi kurmak, onu geli\u015ftirerek Uygur Ara\u015ft\u0131rmalar\u0131 Enstit\u00fcs\u00fcne d\u00f6n\u00fc\u015ft\u00fcrmek, ve Uygurlar\u0131n ihtiya\u00e7 duydu\u011fu alanlara y\u00f6nelik bireyleri e\u011fitebilecek kapasitedeki [&hellip;]<\/p>\n","protected":false},"author":3,"featured_media":0,"parent":0,"menu_order":2,"comment_status":"open","ping_status":"closed","template":"page-full.php","meta":{"footnotes":""},"class_list":["post-41","page","type-page","status-publish","hentry"],"_links":{"self":[{"href":"https:\/\/akademiye.org\/tr\/index.php?rest_route=\/wp\/v2\/pages\/41","targetHints":{"allow":["GET"]}}],"collection":[{"href":"https:\/\/akademiye.org\/tr\/index.php?rest_route=\/wp\/v2\/pages"}],"about":[{"href":"https:\/\/akademiye.org\/tr\/index.php?rest_route=\/wp\/v2\/types\/page"}],"author":[{"embeddable":true,"href":"https:\/\/akademiye.org\/tr\/index.php?rest_route=\/wp\/v2\/users\/3"}],"replies":[{"embeddable":true,"href":"https:\/\/akademiye.org\/tr\/index.php?rest_route=%2Fwp%2Fv2%2Fcomments&post=41"}],"version-history":[{"count":29,"href":"https:\/\/akademiye.org\/tr\/index.php?rest_route=\/wp\/v2\/pages\/41\/revisions"}],"predecessor-version":[{"id":3172,"href":"https:\/\/akademiye.org\/tr\/index.php?rest_route=\/wp\/v2\/pages\/41\/revisions\/3172"}],"wp:attachment":[{"href":"https:\/\/akademiye.org\/tr\/index.php?rest_route=%2Fwp%2Fv2%2Fmedia&parent=41"}],"curies":[{"name":"wp","href":"https:\/\/api.w.org\/{rel}","templated":true}]}}