
{"id":2589,"date":"2019-02-02T17:27:39","date_gmt":"2019-02-02T14:27:39","guid":{"rendered":"http:\/\/akademiye.org\/tr\/?page_id=2589"},"modified":"2020-05-13T00:01:53","modified_gmt":"2020-05-12T21:01:53","slug":"dogu-turkistan-profili","status":"publish","type":"page","link":"https:\/\/akademiye.org\/tr\/?page_id=2589","title":{"rendered":"Do\u011fu T\u00fcrkistan"},"content":{"rendered":"<p style=\"text-align: center;\"><strong><span style=\"color: #0000ff;\">1) XX. Y\u00fcz Y\u0131l\u0131nda Kurulan Do\u011fu T\u00fcrkistan Cumhuriyetleri<\/span><\/strong><\/p>\n<p><span style=\"color: #0000ff;\"><img loading=\"lazy\" decoding=\"async\" class=\" wp-image-2593 alignright\" src=\"http:\/\/akademiye.org\/tr\/wp-content\/uploads\/2019\/02\/Sabit_Damolla_Abdulbaki.jpeg\" alt=\"\" width=\"148\" height=\"184\" \/><strong>Birinci Cumhuriyet:<\/strong><\/span> 12 Kas\u0131m 1933&#8217;te Ka\u015fgar&#8217;da <span style=\"color: #ff0000;\">Do\u011fu T\u00fcrkistan \u0130slam Cumhuriyeti<\/span> kurulmu\u015ftur. Reis-i Cumhur ise Hoca Niyaz HAC\u0130, Ba\u015fvekil ise Sabit DAMOLLA olmu\u015ftur.<\/p>\n<p>Birinci Cumhuriyetin kurucusu\u00a0<strong><span style=\"color: #0000ff;\">Sabit DAMOLLA<\/span><\/strong>&#8216;d\u0131r.<\/p>\n<p>Bu cumhuriyet 3 y\u0131l kadar ayakta kalm\u0131\u015f olup, Sovyetler Birli\u011finin deste\u011fini alan \u00c7inli militan Sheng Shicai ve \u00c7inli M\u00fcsl\u00fcman Ma Zhong Ying&#8217;in i\u015fbirli\u011fiyle 1937 y\u0131l\u0131nda y\u0131k\u0131lm\u0131\u015ft\u0131r.\u00a0Reis-i Cumhur Hoca Niyaz HAC\u0130 ve Ba\u015fvekil Sabit DAMOLLA esir d\u00fc\u015ferek \u00c7inli militan Sheng Shicai taraf\u0131ndan \u00f6ld\u00fcr\u00fclm\u00fc\u015ft\u00fcr.<\/p>\n<p><img loading=\"lazy\" decoding=\"async\" class=\"wp-image-2594 alignright\" src=\"http:\/\/akademiye.org\/tr\/wp-content\/uploads\/2019\/02\/Alihan-tore.jpg\" alt=\"\" width=\"147\" height=\"189\" \/><strong><span style=\"color: #0000ff;\">\u0130kinci Cumhuriyet:<\/span> <\/strong>12 Kas\u0131m 1944&#8217;te Gulca&#8217;da <span style=\"color: #ff0000;\">Do\u011fu T\u00fcrkistan Cumhuriyeti<\/span> kurulmu\u015ftur. Reis-i Cumhur ise Alihan T\u00d6RE, Ba\u015fvekil ise Ahmetcan KAS\u0130M\u0130 olmu\u015ftur.<\/p>\n<p>\u0130kinci Cumhuriyetin kurucusu\u00a0<strong><span style=\"color: #0000ff;\">Alihan T\u00d6RE<\/span><\/strong>&#8216;dir.<\/p>\n<p>Bu cumhuriyet 5 y\u0131l kadar ayakta kalm\u0131\u015f olup, Sovyetler Birli\u011finin deste\u011fini alan \u00c7inli Kom\u00fcnist Mao Ze Dong taraf\u0131ndan 1949 y\u0131l\u0131nda i\u015fgal edilmi\u015ftir. Bu sefer Reis-i Cumhur Alihan T\u00d6RE ve Ba\u015fvekil Ahmetcan KAS\u0130M\u0130 Sovyetler Birli\u011fine esir d\u00fc\u015ferek Stalin taraf\u0131ndan \u00f6ld\u00fcr\u00fclm\u00fc\u015ft\u00fcr.<\/p>\n<hr \/>\n<p><span style=\"color: #0000ff;\"><strong>2)<\/strong><\/span>\u00a0<strong><span style=\"color: #0000ff;\">Do\u011fu T\u00fcrkistanl\u0131lar\u0131n Toplam N\u00fcfusu:<\/span> <span style=\"color: #ff0000;\">yakla\u015f\u0131k 25 Milyon<\/span><\/strong><\/p>\n<p>Yurtd\u0131\u015f\u0131ndaki Do\u011fu T\u00fcrkistanl\u0131lar\u0131n toplam N\u00fcfusu: <span style=\"color: #0000ff;\">yakla\u015f\u0131k <strong>1 Milyon<\/strong><\/span><\/p>\n<p>Do\u011fu T\u00fcrkistan&#8217;daki Uygur T\u00fcrklerinin toplam N\u00fcfusu: <span style=\"color: #0000ff;\">yakla\u015f\u0131k <strong>20 Milyon<\/strong><\/span><\/p>\n<p>Do\u011fu T\u00fcrkistan&#8217;daki Kazak, K\u0131rg\u0131z, \u00d6zbek, Tatar, Salur, Tacik, Dongan (\u00c7inli M\u00fcsl\u00fcmanlar), Mo\u011fol, \u015eibe, Mancu, Rus ve Da\u011furlar olarak 12 yerli etnik grubun toplam N\u00fcfusu: yakla\u015f\u0131k <strong><span style=\"color: #0000ff;\">4 Milyon<\/span><\/strong>dur.<\/p>\n<hr \/>\n<p><strong><span style=\"color: #0000ff;\">3) Do\u011fu T\u00fcrkistan&#8217;\u0131n Y\u00fcz \u00d6l\u00e7\u00fcm\u00fc: yakla\u015f\u0131k<\/span><\/strong>\u00a0<strong><span style=\"color: #ff0000;\">1.828.418 Km2<\/span><\/strong><\/p>\n<hr \/>\n<p style=\"text-align: center;\"><strong><span style=\"color: #0000ff;\">4) Do\u011fu T\u00fcrkistan Haritas\u0131<\/span><\/strong><\/p>\n<p><img loading=\"lazy\" decoding=\"async\" class=\"aligncenter wp-image-2590\" src=\"http:\/\/akademiye.org\/tr\/wp-content\/uploads\/2019\/02\/Do\u011fu-T\u00fcrkistan-Haritas\u0131-1024x726.jpg\" alt=\"\" width=\"603\" height=\"427\" srcset=\"https:\/\/akademiye.org\/tr\/wp-content\/uploads\/2019\/02\/Do\u011fu-T\u00fcrkistan-Haritas\u0131-1024x726.jpg 1024w, https:\/\/akademiye.org\/tr\/wp-content\/uploads\/2019\/02\/Do\u011fu-T\u00fcrkistan-Haritas\u0131-400x284.jpg 400w, https:\/\/akademiye.org\/tr\/wp-content\/uploads\/2019\/02\/Do\u011fu-T\u00fcrkistan-Haritas\u0131-768x545.jpg 768w, https:\/\/akademiye.org\/tr\/wp-content\/uploads\/2019\/02\/Do\u011fu-T\u00fcrkistan-Haritas\u0131.jpg 1416w\" sizes=\"auto, (max-width: 603px) 100vw, 603px\" \/><\/p>\n<hr \/>\n<p><img loading=\"lazy\" decoding=\"async\" class=\"aligncenter wp-image-2603\" src=\"http:\/\/akademiye.org\/tr\/wp-content\/uploads\/2019\/02\/\u0634-\u062a-\u062e\u06d5\u0631\u0649\u062a\u0649\u0633\u06491-1024x620.jpg\" alt=\"\" width=\"603\" height=\"365\" srcset=\"https:\/\/akademiye.org\/tr\/wp-content\/uploads\/2019\/02\/\u0634-\u062a-\u062e\u06d5\u0631\u0649\u062a\u0649\u0633\u06491-1024x620.jpg 1024w, https:\/\/akademiye.org\/tr\/wp-content\/uploads\/2019\/02\/\u0634-\u062a-\u062e\u06d5\u0631\u0649\u062a\u0649\u0633\u06491-400x242.jpg 400w, https:\/\/akademiye.org\/tr\/wp-content\/uploads\/2019\/02\/\u0634-\u062a-\u062e\u06d5\u0631\u0649\u062a\u0649\u0633\u06491-768x465.jpg 768w, https:\/\/akademiye.org\/tr\/wp-content\/uploads\/2019\/02\/\u0634-\u062a-\u062e\u06d5\u0631\u0649\u062a\u0649\u0633\u06491.jpg 1159w\" sizes=\"auto, (max-width: 603px) 100vw, 603px\" \/><\/p>\n<p>\u0130sve\u00e7li ara\u015ft\u0131rmac\u0131\u00a0Sven Hedin 1927-1935 y\u0131llar\u0131 aras\u0131 Do\u011fu T\u00fcrkistan&#8217;\u0131 bir\u00e7ok kez gezerek, arkeolojik ve sosyolojik ara\u015ft\u0131rmalar yapm\u0131\u015ft\u0131r. Yukar\u0131daki Do\u011fu T\u00fcrkistan Haritas\u0131n\u0131 Sven Hedin kendisi 1:7 mil oran\u0131nda\u00a0\u00e7izmi\u015f olup, harita m\u00fchendislerinin \u00f6l\u00e7\u00fcs\u00fcne g\u00f6re y\u00fcz \u00f6l\u00e7\u00fcm\u00fc 1,828,680 km2 olarak hesaplanm\u0131\u015ft\u0131r.<\/p>\n<hr \/>\n<p style=\"text-align: center;\"><strong><span style=\"color: #0000ff;\">5)<\/span> <span style=\"color: #0000ff;\">Do\u011fu T\u00fcrkistan Bayra\u011f\u0131 (<span style=\"color: #008080;\">Standart Renk Kodu:<\/span> <span style=\"color: #ff0000;\">65B7FF#<\/span>)<\/span><\/strong><\/p>\n<p><img loading=\"lazy\" decoding=\"async\" class=\"aligncenter wp-image-2591\" src=\"http:\/\/akademiye.org\/tr\/wp-content\/uploads\/2019\/02\/\u0628\u0627\u064a\u0631\u0627\u0642-1024x683.jpg\" alt=\"\" width=\"528\" height=\"352\" srcset=\"https:\/\/akademiye.org\/tr\/wp-content\/uploads\/2019\/02\/\u0628\u0627\u064a\u0631\u0627\u0642-1024x683.jpg 1024w, https:\/\/akademiye.org\/tr\/wp-content\/uploads\/2019\/02\/\u0628\u0627\u064a\u0631\u0627\u0642-400x267.jpg 400w, https:\/\/akademiye.org\/tr\/wp-content\/uploads\/2019\/02\/\u0628\u0627\u064a\u0631\u0627\u0642-768x512.jpg 768w, https:\/\/akademiye.org\/tr\/wp-content\/uploads\/2019\/02\/\u0628\u0627\u064a\u0631\u0627\u0642.jpg 1986w\" sizes=\"auto, (max-width: 528px) 100vw, 528px\" \/><\/p>\n<hr \/>\n<p style=\"text-align: center;\"><span style=\"color: #0000ff;\"><strong>6) Do\u011fu T\u00fcrkistan Devleti Armas\u0131<\/strong><\/span><\/p>\n<p><img loading=\"lazy\" decoding=\"async\" class=\"aligncenter wp-image-2592\" src=\"http:\/\/akademiye.org\/tr\/wp-content\/uploads\/2019\/02\/D\u00f6let-Giribi-Yengi-\u00d6lchemlik-1024x1017.jpg\" alt=\"\" width=\"591\" height=\"587\" srcset=\"https:\/\/akademiye.org\/tr\/wp-content\/uploads\/2019\/02\/D\u00f6let-Giribi-Yengi-\u00d6lchemlik-1024x1017.jpg 1024w, https:\/\/akademiye.org\/tr\/wp-content\/uploads\/2019\/02\/D\u00f6let-Giribi-Yengi-\u00d6lchemlik-150x150.jpg 150w, https:\/\/akademiye.org\/tr\/wp-content\/uploads\/2019\/02\/D\u00f6let-Giribi-Yengi-\u00d6lchemlik-302x300.jpg 302w, https:\/\/akademiye.org\/tr\/wp-content\/uploads\/2019\/02\/D\u00f6let-Giribi-Yengi-\u00d6lchemlik-768x763.jpg 768w, https:\/\/akademiye.org\/tr\/wp-content\/uploads\/2019\/02\/D\u00f6let-Giribi-Yengi-\u00d6lchemlik.jpg 1456w\" sizes=\"auto, (max-width: 591px) 100vw, 591px\" \/><\/p>\n<hr \/>\n<p style=\"text-align: center;\"><strong><span style=\"color: #0000ff;\"><img loading=\"lazy\" decoding=\"async\" class=\"aligncenter wp-image-2610\" src=\"http:\/\/akademiye.org\/tr\/wp-content\/uploads\/2019\/02\/22-1024x649.jpg\" alt=\"\" width=\"590\" height=\"374\" srcset=\"https:\/\/akademiye.org\/tr\/wp-content\/uploads\/2019\/02\/22.jpg 1024w, https:\/\/akademiye.org\/tr\/wp-content\/uploads\/2019\/02\/22-400x254.jpg 400w, https:\/\/akademiye.org\/tr\/wp-content\/uploads\/2019\/02\/22-768x487.jpg 768w\" sizes=\"auto, (max-width: 590px) 100vw, 590px\" \/>7) Do\u011fu T\u00fcrkistan \u0130stiklal Mar\u015f\u0131<\/span><\/strong><\/p>\n<p><iframe loading=\"lazy\" title=\"Sherqiy T\u00fcrkistan Istiqlal Marshi (Qisqa Esli Tekisti, Muzika)\" width=\"500\" height=\"281\" src=\"https:\/\/www.youtube.com\/embed\/G6xSYj_hVrY?feature=oembed\" frameborder=\"0\" allow=\"accelerometer; autoplay; clipboard-write; encrypted-media; gyroscope; picture-in-picture; web-share\" referrerpolicy=\"strict-origin-when-cross-origin\" allowfullscreen><\/iframe><\/p>\n<p style=\"text-align: center;\"><strong><span style=\"color: #0000ff;\">K\u0131sa N\u00fcshas\u0131<\/span><\/strong><\/p>\n<hr \/>\n<p>https:\/\/www.youtube.com\/watch?v=j92Boat2tC8&#038;t=4s<\/p>\n<p style=\"text-align: center;\"><strong><span style=\"color: #0000ff;\">Tam N\u00fcshas\u0131<\/span><\/strong><\/p>\n","protected":false},"excerpt":{"rendered":"<p>1) XX. Y\u00fcz Y\u0131l\u0131nda Kurulan Do\u011fu T\u00fcrkistan Cumhuriyetleri Birinci Cumhuriyet: 12 Kas\u0131m 1933&#8217;te Ka\u015fgar&#8217;da Do\u011fu T\u00fcrkistan \u0130slam Cumhuriyeti kurulmu\u015ftur. Reis-i Cumhur ise Hoca Niyaz HAC\u0130, Ba\u015fvekil ise Sabit DAMOLLA olmu\u015ftur. Birinci Cumhuriyetin kurucusu\u00a0Sabit DAMOLLA&#8216;d\u0131r. Bu cumhuriyet 3 y\u0131l kadar ayakta kalm\u0131\u015f olup, Sovyetler Birli\u011finin deste\u011fini alan \u00c7inli militan Sheng Shicai ve \u00c7inli M\u00fcsl\u00fcman Ma Zhong [&hellip;]<\/p>\n","protected":false},"author":3,"featured_media":0,"parent":0,"menu_order":3,"comment_status":"closed","ping_status":"closed","template":"","meta":{"footnotes":""},"class_list":["post-2589","page","type-page","status-publish","hentry"],"_links":{"self":[{"href":"https:\/\/akademiye.org\/tr\/index.php?rest_route=\/wp\/v2\/pages\/2589","targetHints":{"allow":["GET"]}}],"collection":[{"href":"https:\/\/akademiye.org\/tr\/index.php?rest_route=\/wp\/v2\/pages"}],"about":[{"href":"https:\/\/akademiye.org\/tr\/index.php?rest_route=\/wp\/v2\/types\/page"}],"author":[{"embeddable":true,"href":"https:\/\/akademiye.org\/tr\/index.php?rest_route=\/wp\/v2\/users\/3"}],"replies":[{"embeddable":true,"href":"https:\/\/akademiye.org\/tr\/index.php?rest_route=%2Fwp%2Fv2%2Fcomments&post=2589"}],"version-history":[{"count":29,"href":"https:\/\/akademiye.org\/tr\/index.php?rest_route=\/wp\/v2\/pages\/2589\/revisions"}],"predecessor-version":[{"id":2628,"href":"https:\/\/akademiye.org\/tr\/index.php?rest_route=\/wp\/v2\/pages\/2589\/revisions\/2628"}],"wp:attachment":[{"href":"https:\/\/akademiye.org\/tr\/index.php?rest_route=%2Fwp%2Fv2%2Fmedia&parent=2589"}],"curies":[{"name":"wp","href":"https:\/\/api.w.org\/{rel}","templated":true}]}}