
{"id":2,"date":"2013-01-28T14:38:31","date_gmt":"2013-01-28T14:38:31","guid":{"rendered":"http:\/\/akademiye.org\/tr\/?page_id=2"},"modified":"2023-09-03T14:29:55","modified_gmt":"2023-09-03T11:29:55","slug":"ornek-sayfa","status":"publish","type":"page","link":"https:\/\/akademiye.org\/tr\/?page_id=2","title":{"rendered":"Hakk\u0131m\u0131zda"},"content":{"rendered":"<p><img loading=\"lazy\" decoding=\"async\" class=\" wp-image-2573 alignright\" src=\"http:\/\/akademiye.org\/tr\/wp-content\/uploads\/2019\/02\/UA-Logo-TR-Slogan-340x300.png\" alt=\"\" width=\"227\" height=\"200\" srcset=\"https:\/\/akademiye.org\/tr\/wp-content\/uploads\/2019\/02\/UA-Logo-TR-Slogan-340x300.png 340w, https:\/\/akademiye.org\/tr\/wp-content\/uploads\/2019\/02\/UA-Logo-TR-Slogan.png 464w\" sizes=\"auto, (max-width: 227px) 100vw, 227px\" \/>Uygur Akademisi 9 Eyl\u00fcl 2009 tarihinde, T\u00fcrkiye&#8217;de okuyan yeti\u015fmi\u015f 9 Uygur T\u00fcrk\u00fc taraf\u0131ndan \u0130stanbul\u2019da kurulmu\u015ftur.<\/p>\n<p>Bir sivil toplum kurulu\u015fu olarak kurulan Uygur Akademisi d\u00fcnyan\u0131n \u00e7e\u015fitli \u00fclkelerinde y\u00fcksek e\u011fitim g\u00f6rm\u00fc\u015f Uygur t\u00fcrk\u00fc akademisyenler ve ara\u015ft\u0131rmac\u0131lar\u0131 organize ederek bilimsel ara\u015ft\u0131rma ve k\u00fclt\u00fcrel alanlarda faaliyet g\u00f6stermektedir.<\/p>\n<p><span style=\"color: #0000ff;\"><strong>Akademi\u2019nin Misyonu:<\/strong><\/span><br \/>\n1. Uygur ayd\u0131nlar\u0131 aras\u0131ndaki i\u015f birli\u011fini artt\u0131rmak, Uygurlar\u0131n bilin\u00e7lenmesi i\u00e7in hizmet eder.<br \/>\n2. Uygur milli ruhunu ve Uygur milli benli\u011fini korumak i\u00e7in hizmet eder.<br \/>\n3. Uygurlar\u0131n\u0131n ihtiya\u00e7 duydu\u011fu alanlarda bireylerin yeti\u015fmesi i\u00e7in hizmet eder.<\/p>\n<p><span style=\"color: #0000ff;\"><strong>Akademinin Vizyonu:<\/strong><\/span><br \/>\nUygur ara\u015ft\u0131rma merkezi kurmak, onu geli\u015ftirerek Uygur Ara\u015ft\u0131rmalar\u0131 Enstit\u00fcs\u00fcne d\u00f6n\u00fc\u015ft\u00fcrmek, ve Uygurlar\u0131n ihtiya\u00e7 duydu\u011fu alanlara y\u00f6nelik bireyleri e\u011fitebilecek kapasitedeki e\u011fitim kurumu sahip olmakt\u0131r.<\/p>\n<p><span style=\"color: #0000ff;\"><strong>Akademinin Kurumsal Yap\u0131s\u0131<\/strong><\/span><br \/>\nUygur Akademisi kurulduktan beri T\u00fcrkiye, Avrupa, ABD, Kanada, Japonya, Orta Asya ve Avustralya gibi \u00fclkelerden y\u00fczlerce e\u011fitimli Uygur T\u00fcrklerinin, Uygur Akademisyenler Dan\u0131\u015fma Kurulu \u00fcyeli\u011fi, Akademi \u00fcyeli\u011fi ve Akademi aday \u00fcyeli\u011fi ve Akademi Temsilcileri gibi \u00e7e\u015fitli \u00fcyelikleri ile Uygur Diasporas\u0131nda aktif rol \u00fcstlenen bir STK&#8217;ya d\u00f6n\u00fc\u015fm\u00fc\u015ft\u00fcr.<\/p>\n<p>Uygur Akademisi hi\u00e7 bir ekonomik alt yap\u0131ya sahip olmad\u0131\u011f\u0131 halde, hi\u00e7bir te\u015fkilat veya devletlerden yard\u0131m almaks\u0131z\u0131n yine de vatan sever Uygur bilim adamlar\u0131 ve ayd\u0131nlar\u0131n\u0131n birlikte \u00e7al\u0131\u015fmalar\u0131n\u0131 elde ederek, kutsal Uygur varl\u0131\u011f\u0131n\u0131n korumak i\u00e7in \u00e7aba g\u00f6stererek g\u00f6revini yerine getirmektedir.<\/p>\n<hr \/>\n<p><strong style=\"color: #0000ff;\">Uygur Akademisinin Esas \u00c7al\u0131\u015fmalar\u0131:<\/strong><\/p>\n<p><img loading=\"lazy\" decoding=\"async\" class=\"alignright size-full wp-image-931\" src=\"http:\/\/akademiye.org\/tr\/wp-content\/uploads\/2017\/12\/activities-1.jpg\" alt=\"\" width=\"259\" height=\"194\" \/><\/p>\n<p>1. Uygur Bilim Adamlar\u0131, Edip ve Ara\u015ft\u0131rmac\u0131lar Kongresi,<br \/>\n2. Uygur Ana Dil Ara\u015ft\u0131rmalar\u0131 Konferans\u0131 ve Ana Dili Etkinlikleri,<br \/>\n3. Uygur Lisans\u00fcst\u00fc \u00d6\u011frenciler Kongresi,<br \/>\n4. Uygur M\u00fctefekkirleri Anma Kongresi,<br \/>\n5. Akademi Tevfik Bursu,<br \/>\n6. Uygur T\u00fcrk\u00fc Lisans\u00fcst\u00fc \u00f6\u011frencilerine y\u00f6netlik \u00fcniversite haz\u0131rl\u0131k \u00e7al\u0131\u015fmalar\u0131 ve dan\u0131\u015fmanl\u0131k hizmetleri,<br \/>\n7. Akademi Web Sitesi ve Akademi e-K\u00fct\u00fcphane \u00c7al\u0131\u015fmalar\u0131<br \/>\n8. Akademi S\u00f6yle\u015fileri<br \/>\n9. Akademi Bilimsel Konferanslar\u0131<\/p>\n<hr \/>\n<p style=\"text-align: center;\"><span style=\"color: #0000ff;\"><strong>Uygur Akademilerinde G\u00f6rev Yapmakta olan ba\u015fkanlar<\/strong><\/span><\/p>\n<p style=\"text-align: center;\"><span style=\"color: #ff0000;\"><strong>Uygur Akademisi Genel Ba\u015fkan\u0131<\/strong><\/span><\/p>\n<p style=\"text-align: center;\"><a href=\"https:\/\/akademiye.org\/en\/wp-content\/uploads\/2020\/05\/Rishat-Abbas1.jpg\"><img loading=\"lazy\" decoding=\"async\" class=\"aligncenter wp-image-1835\" src=\"https:\/\/akademiye.org\/en\/wp-content\/uploads\/2020\/05\/Rishat-Abbas1.jpg\" alt=\"\" width=\"254\" height=\"346\" \/><\/a><\/p>\n<p style=\"text-align: center;\"><a href=\"https:\/\/akademiye.org\/en\/?p=96\"><span style=\"color: #0000ff;\"><strong>Dr. Rishat Abbas<\/strong><\/span><\/a><br \/>\nUygur Akademisi Genel Ba\u015fkan\u0131<br \/>\n11 Aral\u0131k\u00a0 2021 tarihinden beri g\u00f6revde &#8230;<\/p>\n<p style=\"text-align: center;\">* * * * *<\/p>\n<hr \/>\n<p style=\"text-align: left;\"><strong><span style=\"color: #0000ff;\">Uygur Akademisi Vakf\u0131 (T\u00fcrkiye):<\/span><\/strong><\/p>\n<p><a href=\"https:\/\/akademiye.org\/en\/wp-content\/uploads\/2023\/09\/magfiretyunusoglu.png\"><img loading=\"lazy\" decoding=\"async\" class=\"aligncenter wp-image-1932\" src=\"https:\/\/akademiye.org\/en\/wp-content\/uploads\/2023\/09\/magfiretyunusoglu.png\" alt=\"\" width=\"250\" height=\"350\" \/><\/a><\/p>\n<p style=\"text-align: center;\"><span style=\"color: #0000ff;\"><strong>Dr. Ma\u011ffiret Kamal Yunuso\u011flu<br \/>\n<\/strong><span style=\"color: #333333;\">Uygur Akademisi Vakf\u0131 Ba\u015fkan\u0131<br \/>\n30 Temmuz 2023&#8217;ten beri g\u00f6revde<\/span><\/span><\/p>\n<hr \/>\n<p style=\"text-align: left;\"><strong><span style=\"color: #0000ff;\">Uygur Akademisi &#8211; ABD:<\/span><\/strong><\/p>\n<p style=\"text-align: center;\"><img loading=\"lazy\" decoding=\"async\" class=\"\" src=\"https:\/\/www.akademiye.org\/ug\/wp-content\/uploads\/2020\/05\/Ablez-416x500.jpg\" width=\"259\" height=\"311\" \/><\/p>\n<p style=\"text-align: center;\"><span style=\"color: #0000ff;\"><strong>Dr. Ablez Abduqadir<br \/>\n<\/strong><span style=\"color: #333333;\">ABD Uygur Akademisi Ba\u015fkan\u0131<br \/>\n25 May\u0131s 2020&#8217;den beri g\u00f6revde<\/span><\/span><\/p>\n<hr \/>\n<p style=\"text-align: left;\"><strong><span style=\"color: #0000ff;\">Uygur Akademisi &#8211; Avrupa:<\/span><\/strong><\/p>\n<p style=\"text-align: center;\"><a href=\"http:\/\/akademiye.org\/en\/wp-content\/uploads\/2018\/11\/IMG-20181112-WA0051.jpg\"><img loading=\"lazy\" decoding=\"async\" class=\"aligncenter wp-image-1113\" src=\"http:\/\/akademiye.org\/en\/wp-content\/uploads\/2018\/11\/IMG-20181112-WA0051-231x300.jpg\" alt=\"\" width=\"278\" height=\"361\" \/><\/a><\/p>\n<p style=\"text-align: center;\"><span style=\"color: #0000ff;\"><strong>Dr. Abduxukur Abdurixit<br \/>\n<\/strong><span style=\"color: #333333;\">Avrupa Uygur Akademisi Ba\u015fkan\u0131<br \/>\n10 Kas\u0131m 2018&#8217;den beri g\u00f6revde<\/span><\/span><\/p>\n<hr \/>\n<p><strong><span style=\"color: #0000ff;\">Uygur Akademisi &#8211; Avustralya:<\/span><\/strong><\/p>\n<p><img loading=\"lazy\" decoding=\"async\" class=\"aligncenter wp-image-3621\" src=\"https:\/\/akademiye.org\/tr\/wp-content\/uploads\/2020\/01\/Ilhamjan-Sabit-200x250-1.jpg\" alt=\"\" width=\"284\" height=\"355\" \/><\/p>\n<p style=\"text-align: center;\"><strong><span style=\"color: #0000ff;\">Dr. Ilhamjan Sabit<\/span><br \/>\n<\/strong><\/p>\n<p style=\"text-align: center;\"><span style=\"color: #0000ff;\"><span style=\"color: #333333;\">Avustralya Uygur Akademisi Ba\u015fkan\u0131<br \/>\n08 Aral\u0131k 2019&#8217;dan beri g\u00f6revde<\/span><\/span><\/p>\n<hr \/>\n<p><strong><span style=\"color: #0000ff;\">Uygur Akademisi &#8211; Avrasya:<\/span><\/strong><\/p>\n<p><img loading=\"lazy\" decoding=\"async\" class=\"aligncenter\" src=\"https:\/\/www.akademiye.org\/ug\/wp-content\/uploads\/2022\/05\/Tiliwaldi.jpg\" width=\"286\" height=\"378\" \/><\/p>\n<p style=\"text-align: center;\"><strong><span style=\"color: #0000ff;\">Prof. Alimzhan Khamrayev<\/span><br \/>\n<\/strong><\/p>\n<p style=\"text-align: center;\"><span style=\"color: #0000ff;\"><span style=\"color: #333333;\">Avrasya Uygur Akademisi Ba\u015fkan\u0131<br \/>\n09 Eyl\u00fcl 2020&#8217;den beri g\u00f6revde<\/span><\/span><\/p>\n<hr \/>\n<p><strong><span style=\"color: #0000ff;\">Uygur Akademisi &#8211; Kanada:<\/span><\/strong><\/p>\n<p><img loading=\"lazy\" decoding=\"async\" class=\"aligncenter\" src=\"https:\/\/www.akademiye.org\/ug\/wp-content\/uploads\/2021\/09\/Esqer-Himit.jpg\" width=\"286\" height=\"348\" \/><\/p>\n<p style=\"text-align: center;\"><strong><span style=\"color: #0000ff;\">Dr. Esqer Himit<\/span><br \/>\n<\/strong><\/p>\n<p style=\"text-align: center;\"><span style=\"color: #0000ff;\"><span style=\"color: #333333;\">Kanada Uygur Akademisi Ba\u015fkan\u0131<br \/>\n24 Eyl\u00fcl 2021&#8217;den beri g\u00f6revde<\/span><\/span><\/p>\n<hr \/>\n<p><strong><span style=\"color: #0000ff;\">Uygur Akademisi &#8211; Japonya:<\/span><\/strong><\/p>\n<p><img loading=\"lazy\" decoding=\"async\" class=\"aligncenter\" src=\"https:\/\/www.akademiye.org\/ug\/wp-content\/uploads\/2021\/12\/Muhter-Abdurahman.jpg\" width=\"292\" height=\"294\" \/><\/p>\n<p style=\"text-align: center;\"><strong><span style=\"color: #0000ff;\">Dr. Muhter Abdurahman<\/span><br \/>\n<\/strong><\/p>\n<p style=\"text-align: center;\"><span style=\"color: #0000ff;\"><span style=\"color: #333333;\">Japonya Uygur Akademisi Ba\u015fkan\u0131<br \/>\n11 Aral\u0131k 2021&#8217;den beri g\u00f6revde<\/span><\/span><\/p>\n<hr \/>\n<p style=\"text-align: center;\"><span style=\"color: #0000ff;\"><strong>Uygur Akademisinde G\u00f6rev Yapan \u00d6nemli Ki\u015filer<\/strong><\/span><\/p>\n<p style=\"text-align: center;\">* * * * *<\/p>\n<p style=\"text-align: center;\"><span style=\"color: #0000ff;\"><strong>Onursal Ba\u015fkanlar<\/strong><\/span><\/p>\n<p style=\"text-align: center;\"><img loading=\"lazy\" decoding=\"async\" class=\"alignnone size-full wp-image-697 aligncenter\" src=\"http:\/\/akademiye.org\/tr\/wp-content\/uploads\/2013\/04\/Erkin-Sidiq-245x300.jpg\" alt=\"\" width=\"245\" height=\"300\" \/><span style=\"color: #0000ff;\"><strong>Dr. Erkin Sidiq<\/strong><\/span><br \/>\n(NASA Y\u00fcksek Optik Fizik M\u00fchendisi \/ ABD)<br \/>\nAkademi 1. D\u00f6nem Onursal Ba\u015fkan\u0131<br \/>\nG\u00f6rev S\u00fcresi: 09 Eyl\u00fcl 2009 &#8211; 21 Eyl\u00fcl 2013<\/p>\n<p style=\"text-align: center;\">* * * * *<\/p>\n<p style=\"text-align: center;\"><img loading=\"lazy\" decoding=\"async\" class=\"alignnone size-full wp-image-698 aligncenter\" src=\"http:\/\/akademiye.org\/tr\/wp-content\/uploads\/2013\/04\/Sh\u00f6ret-Mutellip-241x300.jpg\" alt=\"\" width=\"241\" height=\"300\" \/><span style=\"color: #0000ff;\"><strong>Dr. \u015e\u00f6hret Mutellip<\/strong><\/span><br \/>\n(ABD Oregon Sa\u011fl\u0131k Bilimleri ve Teknolojileri \u00dcniversitesi H\u00fccre ve Gen Ara\u015ft\u0131rmac\u0131s\u0131)<br \/>\nAkademi 2. D\u00f6nem Onursal Ba\u015fkan\u0131<br \/>\nG\u00f6rev S\u00fcresi: 21 Kasim 2013 &#8211; 10 Aral\u0131k 2015<\/p>\n<p style=\"text-align: center;\">* * * * *<\/p>\n<p style=\"text-align: center;\"><img loading=\"lazy\" decoding=\"async\" class=\"aligncenter wp-image-3912\" src=\"https:\/\/akademiye.org\/tr\/wp-content\/uploads\/2020\/05\/Rishat-Abbas1-220x300.jpg\" alt=\"\" width=\"245\" height=\"334\" srcset=\"https:\/\/akademiye.org\/tr\/wp-content\/uploads\/2020\/05\/Rishat-Abbas1-220x300.jpg 220w, https:\/\/akademiye.org\/tr\/wp-content\/uploads\/2020\/05\/Rishat-Abbas1.jpg 530w\" sizes=\"auto, (max-width: 245px) 100vw, 245px\" \/><\/p>\n<p style=\"text-align: center;\"><span style=\"color: #0000ff;\"><strong>Dr. Re\u015fat Abbas Borhan<\/strong><\/span><br \/>\n(ABD Pfizer \u00dcst D\u00fczey Y\u00f6neticisi ve Farmakoloji Ara\u015ft\u0131rmac\u0131s\u0131)<br \/>\nAkademi 3. ve 4. D\u00f6nem Onursal Ba\u015fkan\u0131<br \/>\nG\u00f6rev S\u00fcresi: 10 Ekim 2015\u2019ten \u015fimdiye kadar devam&#8230;<\/p>\n<hr \/>\n<p style=\"text-align: center;\"><span style=\"color: #0000ff;\"><strong>Ba\u015fkanlar<\/strong><\/span><\/p>\n<p style=\"text-align: center;\">* * * * *<\/p>\n<p style=\"text-align: center;\"><img loading=\"lazy\" decoding=\"async\" class=\"alignnone wp-image-700 aligncenter\" src=\"http:\/\/akademiye.org\/tr\/wp-content\/uploads\/2013\/04\/Karahan.jpg\" alt=\"\" width=\"241\" height=\"341\" srcset=\"https:\/\/akademiye.org\/tr\/wp-content\/uploads\/2013\/04\/Karahan.jpg 261w, https:\/\/akademiye.org\/tr\/wp-content\/uploads\/2013\/04\/Karahan-212x300.jpg 212w\" sizes=\"auto, (max-width: 241px) 100vw, 241px\" \/><span style=\"color: #0000ff;\"><strong>Abdulhamit Karahan<\/strong><\/span><br \/>\nAkademi Kurucu Ba\u015fkan\u0131 ve 3. D\u00f6nem Ba\u015fkan\u0131<br \/>\n(N\u00fccleer Enerji Ara\u015ft\u0131rmac\u0131s\u0131)<br \/>\nG\u00f6rev Suresi: 9 Eyl\u00fcl 2009 &#8211; 9 May\u0131s 2010 ve 23 A\u011fustos 2015 &#8211; 24 A\u011fustos 2018<\/p>\n<p style=\"text-align: center;\">* * * * *<\/p>\n<p style=\"text-align: center;\"><img loading=\"lazy\" decoding=\"async\" class=\"alignnone wp-image-701 aligncenter\" src=\"http:\/\/akademiye.org\/tr\/wp-content\/uploads\/2013\/04\/Alimjan.jpg\" alt=\"\" width=\"242\" height=\"286\" srcset=\"https:\/\/akademiye.org\/tr\/wp-content\/uploads\/2013\/04\/Alimjan.jpg 265w, https:\/\/akademiye.org\/tr\/wp-content\/uploads\/2013\/04\/Alimjan-253x300.jpg 253w\" sizes=\"auto, (max-width: 242px) 100vw, 242px\" \/><span style=\"color: #0000ff;\"><strong>Prof. Dr. Alimcan \u0130nayet<\/strong><\/span><br \/>\nAkademi 1. ve 4. D\u00f6nem Ba\u015fkan\u0131<br \/>\n(T\u00fcrkiye Ege \u00dcniversitesi T\u00fcrk D\u00fcnyas\u0131 Ara\u015ft\u0131rmalar\u0131 Enstit\u00fcs\u00fc \u00d6\u011fretim \u00dcyesi)<br \/>\nG\u00f6rev S\u00fcresi: 9 Mayis 2010 &#8211; 18 Kasim 2012 ve 24 A\u011fustos 2018 &#8211; 21 Haziran 2021<\/p>\n<p style=\"text-align: center;\">* * * * *<\/p>\n<p style=\"text-align: center;\"><img loading=\"lazy\" decoding=\"async\" class=\"alignnone wp-image-702\" src=\"http:\/\/akademiye.org\/tr\/wp-content\/uploads\/2013\/04\/Ablet-Turan.jpg\" alt=\"\" width=\"269\" height=\"302\" srcset=\"https:\/\/akademiye.org\/tr\/wp-content\/uploads\/2013\/04\/Ablet-Turan.jpg 361w, https:\/\/akademiye.org\/tr\/wp-content\/uploads\/2013\/04\/Ablet-Turan-266x300.jpg 266w\" sizes=\"auto, (max-width: 269px) 100vw, 269px\" \/><br \/>\n<span style=\"color: #0000ff;\"><strong>Dr. Ablet Turan<\/strong><\/span><br \/>\n(Kal\u0131p Hastal\u0131klar\u0131 Uzman\u0131)<br \/>\nAkademi 2. D\u00f6nem Ba\u015fkan\u0131<br \/>\nG\u00f6rev S\u00fcresi: 18 Kasim 2012 &#8211; 23 A\u011fustos 2015<\/p>\n<p style=\"text-align: center;\">* * * * *<\/p>\n<hr \/>\n<p><span style=\"color: #ff0000;\"><strong>Uygur Akademisi Logolar\u0131:\u00a0<\/strong><\/span><\/p>\n<p><span style=\"color: #0000ff;\"><strong>1. <\/strong><strong><a style=\"color: #0000ff;\" href=\"https:\/\/akademiye.org\/en\/wp-content\/uploads\/2023\/09\/Akademiye-Logolari.pdf\">Uyghur Akademisi Logolar\u0131 PDF (<span style=\"color: #ff0000;\">Linki t\u0131klay\u0131p indirin l\u00fctfen<\/span>)<\/a><\/strong><\/span><\/p>\n<p><span style=\"color: #0000ff;\"><strong>2. <a style=\"color: #0000ff;\" href=\"https:\/\/akademiye.org\/en\/wp-content\/uploads\/2023\/09\/Akademiye-Logolari-Vectorel.zip\">Uygur Akademisi Logolar\u0131 Vekt\u00f6rel (<span style=\"color: #ff0000;\">Linki t\u0131klay\u0131p indirin l\u00fctfen<\/span>)<\/a><\/strong><\/span><\/p>\n<p><span style=\"color: #0000ff;\"><strong>3. PNG<\/strong><\/span><\/p>\n<p><a href=\"http:\/\/www.akademiye.org\/ug\/wp-content\/uploads\/2018\/05\/UA-Logo.png\"><img loading=\"lazy\" decoding=\"async\" class=\"wp-image-10179 aligncenter\" src=\"http:\/\/www.akademiye.org\/ug\/wp-content\/uploads\/2018\/05\/UA-Logo.png\" alt=\"\" width=\"133\" height=\"95\" \/><\/a><\/p>\n<p><a href=\"http:\/\/www.akademiye.org\/ug\/wp-content\/uploads\/2018\/05\/UA-Logo-Uy-Slogan-1.png\"><img loading=\"lazy\" decoding=\"async\" class=\"wp-image-10177 alignnone\" src=\"http:\/\/www.akademiye.org\/ug\/wp-content\/uploads\/2018\/05\/UA-Logo-Uy-Slogan-1.png\" alt=\"\" width=\"151\" height=\"133\" \/><\/a>\u00a0 \u00a0 \u00a0 \u00a0 \u00a0<a href=\"http:\/\/www.akademiye.org\/ug\/wp-content\/uploads\/2018\/05\/UA-Logo-TR-Slogan.png\"><img loading=\"lazy\" decoding=\"async\" class=\"wp-image-10173 alignnone\" src=\"http:\/\/www.akademiye.org\/ug\/wp-content\/uploads\/2018\/05\/UA-Logo-TR-Slogan.png\" alt=\"\" width=\"151\" height=\"133\" \/><\/a>\u00a0 \u00a0 \u00a0 \u00a0 \u00a0<a href=\"http:\/\/www.akademiye.org\/ug\/wp-content\/uploads\/2018\/05\/UA-Logo-En-Slogan.png\"><img loading=\"lazy\" decoding=\"async\" class=\"wp-image-10171 alignnone\" src=\"http:\/\/www.akademiye.org\/ug\/wp-content\/uploads\/2018\/05\/UA-Logo-En-Slogan.png\" alt=\"\" width=\"146\" height=\"131\" \/><\/a><\/p>\n<p><a href=\"http:\/\/www.akademiye.org\/ug\/wp-content\/uploads\/2018\/05\/UA-Logo-Uy-En.png\"><img loading=\"lazy\" decoding=\"async\" class=\"wp-image-10175 alignnone\" src=\"http:\/\/www.akademiye.org\/ug\/wp-content\/uploads\/2018\/05\/UA-Logo-Uy-En.png\" alt=\"\" width=\"117\" height=\"143\" \/><\/a>\u00a0 \u00a0 \u00a0 \u00a0 \u00a0 \u00a0 \u00a0 \u00a0 \u00a0 \u00a0 \u00a0<a href=\"http:\/\/www.akademiye.org\/ug\/wp-content\/uploads\/2018\/05\/UA-Logo-Uy-Tr.png\"><img loading=\"lazy\" decoding=\"async\" class=\"wp-image-10176 alignnone\" src=\"http:\/\/www.akademiye.org\/ug\/wp-content\/uploads\/2018\/05\/UA-Logo-Uy-Tr.png\" alt=\"\" width=\"118\" height=\"142\" \/><\/a>\u00a0 \u00a0 \u00a0 \u00a0 \u00a0 \u00a0 \u00a0 \u00a0 \u00a0\u00a0<img loading=\"lazy\" decoding=\"async\" class=\"wp-image-10170 alignnone\" style=\"font-family: Tahoma, 'Times New Roman', 'Bitstream Charter', Times, serif;\" src=\"http:\/\/www.akademiye.org\/ug\/wp-content\/uploads\/2018\/05\/UA-Logo-En-Tr.png\" alt=\"\" width=\"118\" height=\"141\" \/><\/p>\n<p><a href=\"http:\/\/www.akademiye.org\/ug\/wp-content\/uploads\/2018\/05\/UA-Logo-Uy.png\"><img loading=\"lazy\" decoding=\"async\" class=\"wp-image-10178 alignnone\" src=\"http:\/\/www.akademiye.org\/ug\/wp-content\/uploads\/2018\/05\/UA-Logo-Uy.png\" alt=\"\" width=\"125\" height=\"127\" \/><\/a>\u00a0 \u00a0 \u00a0 \u00a0 \u00a0 \u00a0 \u00a0 \u00a0 \u00a0<a href=\"http:\/\/www.akademiye.org\/ug\/wp-content\/uploads\/2018\/05\/UA-Logo-En.png\"><img loading=\"lazy\" decoding=\"async\" class=\"wp-image-10172 alignnone\" src=\"http:\/\/www.akademiye.org\/ug\/wp-content\/uploads\/2018\/05\/UA-Logo-En.png\" alt=\"\" width=\"133\" height=\"127\" \/><\/a>\u00a0 \u00a0 \u00a0 \u00a0 \u00a0 \u00a0 \u00a0 \u00a0<a href=\"http:\/\/www.akademiye.org\/ug\/wp-content\/uploads\/2018\/05\/UA-Logo-Tr.png\"><img loading=\"lazy\" decoding=\"async\" class=\"wp-image-10174 alignnone\" src=\"http:\/\/www.akademiye.org\/ug\/wp-content\/uploads\/2018\/05\/UA-Logo-Tr.png\" alt=\"\" width=\"133\" height=\"129\" \/><\/a><\/p>\n<p><strong><span style=\"color: #0000ff;\">4. JPEG<\/span><\/strong><\/p>\n<p><img loading=\"lazy\" decoding=\"async\" class=\"aligncenter wp-image-7429\" src=\"https:\/\/akademiye.org\/tr\/wp-content\/uploads\/2023\/09\/Akademiye-Logolari-scaled.jpg\" alt=\"\" width=\"602\" height=\"1525\" srcset=\"https:\/\/akademiye.org\/tr\/wp-content\/uploads\/2023\/09\/Akademiye-Logolari-scaled.jpg 1011w, https:\/\/akademiye.org\/tr\/wp-content\/uploads\/2023\/09\/Akademiye-Logolari-118x300.jpg 118w, https:\/\/akademiye.org\/tr\/wp-content\/uploads\/2023\/09\/Akademiye-Logolari-404x1024.jpg 404w, https:\/\/akademiye.org\/tr\/wp-content\/uploads\/2023\/09\/Akademiye-Logolari-768x1945.jpg 768w, https:\/\/akademiye.org\/tr\/wp-content\/uploads\/2023\/09\/Akademiye-Logolari-809x2048.jpg 809w\" sizes=\"auto, (max-width: 602px) 100vw, 602px\" \/><\/p>\n<p>&nbsp;<\/p>\n","protected":false},"excerpt":{"rendered":"<p>Uygur Akademisi 9 Eyl\u00fcl 2009 tarihinde, T\u00fcrkiye&#8217;de okuyan yeti\u015fmi\u015f 9 Uygur T\u00fcrk\u00fc taraf\u0131ndan \u0130stanbul\u2019da kurulmu\u015ftur. Bir sivil toplum kurulu\u015fu olarak kurulan Uygur Akademisi d\u00fcnyan\u0131n \u00e7e\u015fitli \u00fclkelerinde y\u00fcksek e\u011fitim g\u00f6rm\u00fc\u015f Uygur t\u00fcrk\u00fc akademisyenler ve ara\u015ft\u0131rmac\u0131lar\u0131 organize ederek bilimsel ara\u015ft\u0131rma ve k\u00fclt\u00fcrel alanlarda faaliyet g\u00f6stermektedir. Akademi\u2019nin Misyonu: 1. Uygur ayd\u0131nlar\u0131 aras\u0131ndaki i\u015f birli\u011fini artt\u0131rmak, Uygurlar\u0131n bilin\u00e7lenmesi i\u00e7in [&hellip;]<\/p>\n","protected":false},"author":3,"featured_media":0,"parent":0,"menu_order":1,"comment_status":"open","ping_status":"open","template":"","meta":{"footnotes":""},"class_list":["post-2","page","type-page","status-publish","hentry"],"_links":{"self":[{"href":"https:\/\/akademiye.org\/tr\/index.php?rest_route=\/wp\/v2\/pages\/2","targetHints":{"allow":["GET"]}}],"collection":[{"href":"https:\/\/akademiye.org\/tr\/index.php?rest_route=\/wp\/v2\/pages"}],"about":[{"href":"https:\/\/akademiye.org\/tr\/index.php?rest_route=\/wp\/v2\/types\/page"}],"author":[{"embeddable":true,"href":"https:\/\/akademiye.org\/tr\/index.php?rest_route=\/wp\/v2\/users\/3"}],"replies":[{"embeddable":true,"href":"https:\/\/akademiye.org\/tr\/index.php?rest_route=%2Fwp%2Fv2%2Fcomments&post=2"}],"version-history":[{"count":63,"href":"https:\/\/akademiye.org\/tr\/index.php?rest_route=\/wp\/v2\/pages\/2\/revisions"}],"predecessor-version":[{"id":7432,"href":"https:\/\/akademiye.org\/tr\/index.php?rest_route=\/wp\/v2\/pages\/2\/revisions\/7432"}],"wp:attachment":[{"href":"https:\/\/akademiye.org\/tr\/index.php?rest_route=%2Fwp%2Fv2%2Fmedia&parent=2"}],"curies":[{"name":"wp","href":"https:\/\/api.w.org\/{rel}","templated":true}]}}